{"id":1060,"date":"2026-03-02T07:13:12","date_gmt":"2026-03-02T07:13:12","guid":{"rendered":"https:\/\/hansundjosef.de\/?page_id=1060"},"modified":"2026-03-02T17:49:01","modified_gmt":"2026-03-02T17:49:01","slug":"geburtstag-bei-den-eseln","status":"publish","type":"page","link":"https:\/\/hansundjosef.de\/?page_id=1060","title":{"rendered":"Geburtstag bei den Eseln"},"content":{"rendered":"<div class=\"wpb-content-wrapper\"><p>[vc_row][vc_column][vc_column_text css=&#8220;&#8220;]<\/p>\n<h1 style=\"text-align: center;\">Geburtstag bei den Eseln<\/h1>\n<p>[\/vc_column_text][\/vc_column][\/vc_row][vc_row][vc_column width=&#8220;1\/2&#8243;][vc_single_image image=&#8220;594&#8243; img_size=&#8220;large&#8220; css=&#8220;&#8220;][\/vc_column][vc_column width=&#8220;1\/2&#8243;][vc_single_image image=&#8220;593&#8243; img_size=&#8220;large&#8220; css=&#8220;&#8220;][\/vc_column][\/vc_row][vc_row][vc_column width=&#8220;1\/2&#8243;][vc_column_text css=&#8220;&#8220;]Willkommen zum Geburtstag bei den Eseln. Gemeinsam werden wir einen unvergessliches Erlebnis haben.<\/p>\n<p>Bevor ihr ankommt haben wir schon Tische, B\u00e4nke und Holz f\u00fcr ein Lagerfeuer vorbereitet. Ihr stellt schon einmal Eure mitgebrachten Speisen und Getr\u00e4nke ab und dann kann es auch schon mit der Eselaktion losgehen:<\/p>\n<ul>\n<li>Ihr lernt Hans und Josef kennen<\/li>\n<li>Esel striegeln<\/li>\n<li>gemeinsames Stallmisten<\/li>\n<li>Eselhufe auskratzen<\/li>\n<li>Umgang mit den Eseln lernen \/ Esel verstehen<\/li>\n<li>Eselspaziergang (zwischen ca. 45 Minuten und ca. 90 Minuten &#8211; das k\u00f6nnen wir unterwegs entschieden)<\/li>\n<\/ul>\n<p>Zur\u00fcck am Stall wollt Ihr Euch sicher mit Eurem Kuchen und Euren Getr\u00e4nken st\u00e4rken. Oder wollt Ihr lieber etwas herzhaftes grillen? Das macht ihr ganz wie Ihr das gerne m\u00f6gt.<\/p>\n<p>Sicher habt Ihr noch Lust unsere Schafe oder H\u00fchner kennenzulernen.\u00a0Das machen wir!<\/p>\n<p>&nbsp;<\/p>\n<p>\u20ac 85,- f\u00fcr bis zu 8 Kinder<\/p>\n<p>\u20ac 10,- je weiteres Kind (ab 3 Jahre)<\/p>\n<p>\u20ac 20,- beheizter Bauwagen (optional)<\/p>\n<p>Alles in allem begleiten wir Euch ca. 2,5 Stunden &#8211; danach k\u00f6nnt Ihr gerne noch beliebig lange am Stall bleiben.<\/p>\n<ul>\n<li>W\u00e4hrend der Eselaktion ist immer jemand von uns dabei.<\/li>\n<li>Auch im Herbst und im kalten Winter kann man bei uns einen sch\u00f6nen Geburtstag feiern. Im beheizten Bauwagen ist es mollig-warm.<\/li>\n<li>Bitte bringt Euer eigenes Essen und Eure eigenen Getr\u00e4nke mit.<\/li>\n<li>Bitte bringt Eure eigenen Teller, Tassen und Besteck mit. (kein Einweggeschirr)<\/li>\n<li>Bei 8 Kindern empfiehlt es sich, dass von Euch mindestens 2 Erwachsene dabei sind. Bei mehr Kindern entsprechend mehr Erwachsene.<\/li>\n<\/ul>\n<h1><\/h1>\n<h1>Anfrage:<\/h1>\n<div class=\"wpcf7 no-js\" id=\"wpcf7-f1094-o1\" lang=\"de-DE\" dir=\"ltr\" data-wpcf7-id=\"1094\">\n<div class=\"screen-reader-response\"><p role=\"status\" aria-live=\"polite\" aria-atomic=\"true\"><\/p> <ul><\/ul><\/div>\n<form action=\"\/index.php?rest_route=%2Fwp%2Fv2%2Fpages%2F1060#wpcf7-f1094-o1\" method=\"post\" class=\"wpcf7-form init\" aria-label=\"Kontaktformular\" novalidate=\"novalidate\" data-status=\"init\">\n<fieldset class=\"hidden-fields-container\"><input type=\"hidden\" name=\"_wpcf7\" value=\"1094\" \/><input type=\"hidden\" name=\"_wpcf7_version\" value=\"6.1.4\" \/><input type=\"hidden\" name=\"_wpcf7_locale\" value=\"de_DE\" \/><input type=\"hidden\" name=\"_wpcf7_unit_tag\" value=\"wpcf7-f1094-o1\" \/><input type=\"hidden\" name=\"_wpcf7_container_post\" value=\"0\" \/><input type=\"hidden\" name=\"_wpcf7_posted_data_hash\" value=\"\" \/>\n<\/fieldset>\n<p><label> Dein Name *<br \/>\n<span class=\"wpcf7-form-control-wrap\" data-name=\"your-name\"><input size=\"40\" maxlength=\"400\" class=\"wpcf7-form-control wpcf7-text wpcf7-validates-as-required\" aria-required=\"true\" aria-invalid=\"false\" value=\"\" type=\"text\" name=\"your-name\" \/><\/span> <\/label>\n<\/p>\n<p><label> Deine E-Mail-Adresse *<br \/>\n<span class=\"wpcf7-form-control-wrap\" data-name=\"your-email\"><input size=\"40\" maxlength=\"400\" class=\"wpcf7-form-control wpcf7-email wpcf7-validates-as-required wpcf7-text wpcf7-validates-as-email\" aria-required=\"true\" aria-invalid=\"false\" value=\"\" type=\"email\" name=\"your-email\" \/><\/span> <\/label>\n<\/p>\n<p><label> Wunsch-Datum<br \/>\n<span class=\"wpcf7-form-control-wrap\" data-name=\"wunschdatum\"><input class=\"wpcf7-form-control wpcf7-date wpcf7-validates-as-date\" aria-invalid=\"false\" value=\"\" type=\"date\" name=\"wunschdatum\" \/><\/span> <\/label>\n<\/p>\n<p><label> Wunsch-Uhrzeit<br \/>\n<span class=\"wpcf7-form-control-wrap\" data-name=\"Uhrzeit\"><input size=\"40\" maxlength=\"400\" class=\"wpcf7-form-control wpcf7-text\" aria-invalid=\"false\" value=\"\" type=\"text\" name=\"Uhrzeit\" \/><\/span><\/label>\n<\/p>\n<p><label> Telefon\/Handy<br \/>\n<span class=\"wpcf7-form-control-wrap\" data-name=\"Telefon\"><input size=\"40\" maxlength=\"400\" class=\"wpcf7-form-control wpcf7-tel wpcf7-text wpcf7-validates-as-tel\" aria-invalid=\"false\" value=\"\" type=\"tel\" name=\"Telefon\" \/><\/span> <\/label>\n<\/p>\n<p><label> Bitte Vorname und Alter des Gebutstagskinds angeben. Mit wie vielen G\u00e4sten plant Ihr? noch Fragen an uns?<br \/>\n<span class=\"wpcf7-form-control-wrap\" data-name=\"Teinehmer\"><input size=\"40\" maxlength=\"400\" class=\"wpcf7-form-control wpcf7-text\" aria-invalid=\"false\" value=\"\" type=\"text\" name=\"Teinehmer\" \/><\/span> <\/label>\n<\/p>\n<p><span class=\"wpcf7-form-control-wrap\" data-name=\"acceptance-174\"><span class=\"wpcf7-form-control wpcf7-acceptance\"><span class=\"wpcf7-list-item\"><label><input type=\"checkbox\" name=\"acceptance-174\" value=\"1\" aria-invalid=\"false\" \/><span class=\"wpcf7-list-item-label\">Ich habe die Datenschutzerkl\u00e4rung gelesen und bin damit einverstanden<\/span><\/label><\/span><\/span><\/span>\n<\/p>\n<p><input class=\"wpcf7-form-control wpcf7-submit has-spinner\" type=\"submit\" value=\"Anfrage senden\" \/>\n<\/p><p style=\"display: none !important;\" class=\"akismet-fields-container\" data-prefix=\"_wpcf7_ak_\"><label>&#916;<textarea name=\"_wpcf7_ak_hp_textarea\" cols=\"45\" rows=\"8\" maxlength=\"100\"><\/textarea><\/label><input type=\"hidden\" id=\"ak_js_1\" name=\"_wpcf7_ak_js\" value=\"191\"\/><script>document.getElementById( \"ak_js_1\" ).setAttribute( \"value\", ( new Date() ).getTime() );<\/script><\/p><div class=\"wpcf7-response-output\" aria-hidden=\"true\"><\/div>\n<\/form>\n<\/div>\n[\/vc_column_text][\/vc_column][vc_column width=&#8220;1\/2&#8243;][vc_single_image image=&#8220;584&#8243; img_size=&#8220;large&#8220; css=&#8220;&#8220;][vc_single_image image=&#8220;587&#8243; img_size=&#8220;large&#8220; css=&#8220;&#8220;][vc_single_image image=&#8220;605&#8243; img_size=&#8220;large&#8220; css=&#8220;&#8220;][vc_single_image image=&#8220;585&#8243; img_size=&#8220;large&#8220; css=&#8220;&#8220;][vc_single_image image=&#8220;512&#8243; img_size=&#8220;large&#8220; css=&#8220;&#8220;][\/vc_column][\/vc_row]<\/p>\n<\/div>","protected":false},"excerpt":{"rendered":"<p>[vc_row][vc_column][vc_column_text css=&#8220;&#8220;] Geburtstag bei den Eseln [\/vc_column_text][\/vc_column][\/vc_row][vc_row][vc_column width=&#8220;1\/2&#8243;][vc_single_image image=&#8220;594&#8243; img_size=&#8220;large&#8220; css=&#8220;&#8220;][\/vc_column][vc_column width=&#8220;1\/2&#8243;][vc_single_image image=&#8220;593&#8243; img_size=&#8220;large&#8220; css=&#8220;&#8220;][\/vc_column][\/vc_row][vc_row][vc_column width=&#8220;1\/2&#8243;][vc_column_text css=&#8220;&#8220;]Willkommen zum Geburtstag bei den Eseln. Gemeinsam werden wir einen unvergessliches Erlebnis haben. Bevor ihr ankommt haben wir schon Tische, B\u00e4nke und Holz f\u00fcr ein Lagerfeuer vorbereitet. Ihr stellt schon einmal Eure mitgebrachten Speisen und Getr\u00e4nke ab und dann&hellip;<\/p>\n","protected":false},"author":1,"featured_media":0,"parent":0,"menu_order":0,"comment_status":"closed","ping_status":"closed","template":"","meta":{"footnotes":""},"class_list":["post-1060","page","type-page","status-publish","hentry"],"_links":{"self":[{"href":"https:\/\/hansundjosef.de\/index.php?rest_route=\/wp\/v2\/pages\/1060","targetHints":{"allow":["GET"]}}],"collection":[{"href":"https:\/\/hansundjosef.de\/index.php?rest_route=\/wp\/v2\/pages"}],"about":[{"href":"https:\/\/hansundjosef.de\/index.php?rest_route=\/wp\/v2\/types\/page"}],"author":[{"embeddable":true,"href":"https:\/\/hansundjosef.de\/index.php?rest_route=\/wp\/v2\/users\/1"}],"replies":[{"embeddable":true,"href":"https:\/\/hansundjosef.de\/index.php?rest_route=%2Fwp%2Fv2%2Fcomments&post=1060"}],"version-history":[{"count":30,"href":"https:\/\/hansundjosef.de\/index.php?rest_route=\/wp\/v2\/pages\/1060\/revisions"}],"predecessor-version":[{"id":1104,"href":"https:\/\/hansundjosef.de\/index.php?rest_route=\/wp\/v2\/pages\/1060\/revisions\/1104"}],"wp:attachment":[{"href":"https:\/\/hansundjosef.de\/index.php?rest_route=%2Fwp%2Fv2%2Fmedia&parent=1060"}],"curies":[{"name":"wp","href":"https:\/\/api.w.org\/{rel}","templated":true}]}}