{"id":11,"date":"2020-02-05T20:19:34","date_gmt":"2020-02-05T20:19:34","guid":{"rendered":"http:\/\/hansundjosef.de\/?page_id=11"},"modified":"2023-01-09T10:43:23","modified_gmt":"2023-01-09T10:43:23","slug":"tiere","status":"publish","type":"page","link":"https:\/\/hansundjosef.de\/?page_id=11","title":{"rendered":"Tiere"},"content":{"rendered":"<div class=\"wpb-content-wrapper\"><p>[vc_row][vc_column width=&#8220;1\/2&#8243;][vc_single_image image=&#8220;32&#8243; img_size=&#8220;large&#8220; style=&#8220;vc_box_rounded&#8220; onclick=&#8220;kalium_lightbox&#8220;][\/vc_column][vc_column width=&#8220;1\/2&#8243;][vc_column_text]<\/p>\n<h1>Esel &#8211; Hans und Josef<\/h1>\n<p>bei unseren beiden Eselbr\u00fcdern handelt es sich um Hausesel. Schon nach kurzer Zeit werdet Ihr die beiden an Ihren \u00e4u\u00dferen und kurz danach auch an Ihren charakterlichen Eigenschaften unterscheiden k\u00f6nnen. Diese Unterschiede zu entdecken ist eine wahre Freude. Und wenn das gegenseitige Vertrauen aufgebaut ist lieben beide Tiere eine gute und ausgiebige Ohrmassage.[\/vc_column_text][\/vc_column][\/vc_row][vc_row][vc_column width=&#8220;1\/2&#8243;][vc_column_text]<\/p>\n<h1>Schafe<\/h1>\n<p>klein, kleiner, am kleinsten. Genau so gro\u00df sind unsere Schafe. Es sind &#8222;Ouessant&#8220;-Schafe. Die kleinste Schafrasse die es gibt. Ihren Namen hat die Rasse von der franz\u00f6sischen Insel Ouessant im Atlantik. Aufgrund der dort herrschenden rauen Bedingungen ist die Rasse sehr widerstandsf\u00e4hig.<\/p>\n<p>Je nach Jahreszeit werden die Tiere morgens von uns auf eine Wiese und abends wieder in den Stall gef\u00fchrt. Es ist eine wahre Freude die Tiere dabei zu begleiten. Meistens legen sie auf den letzten Metern zum Stall dann noch einen flotten Sprint hin. Denn alle Schafe wissen: Im Stall gibt es noch eine leckere Abendmahlzeit.[\/vc_column_text][\/vc_column][vc_column width=&#8220;1\/2&#8243;][vc_single_image image=&#8220;71&#8243; img_size=&#8220;large&#8220; style=&#8220;vc_box_rounded&#8220; onclick=&#8220;kalium_lightbox&#8220;][\/vc_column][\/vc_row][vc_row][vc_column width=&#8220;1\/2&#8243;][vc_single_image image=&#8220;359&#8243; img_size=&#8220;large&#8220; style=&#8220;vc_box_rounded&#8220; onclick=&#8220;kalium_lightbox&#8220;][\/vc_column][vc_column width=&#8220;1\/2&#8243;][vc_column_text]<\/p>\n<h1>Hasen<\/h1>\n<p>Unsere Hasen wohnen im ehemaligen Gew\u00e4chshaus. Hier haben sie viel Auslauf und gleichzeitig ist es immer sch\u00f6n trocken. Sie freuen sich immer \u00fcber Besuch &#8211; besonders wenn der Besuch frisches Gras von der Wiese mitbringt![\/vc_column_text][\/vc_column][\/vc_row][vc_row][vc_column width=&#8220;1\/2&#8243;][vc_column_text]<\/p>\n<h1>H\u00fchner<\/h1>\n<p>wir haben eine bunte Mischung von H\u00fchnern. Alle Farben und Gr\u00f6\u00dfen sind dabei. Unter anderem haben wir auch Schwedische Blumenh\u00fchner und Mechelner dabei.\u00a0 Am sp\u00e4ten Nachmittag sammeln wir alle Eier aus den Legenestern und den geheimen Eierverstecken.[\/vc_column_text][\/vc_column][vc_column width=&#8220;1\/2&#8243;][vc_single_image image=&#8220;42&#8243; img_size=&#8220;large&#8220; style=&#8220;vc_box_rounded&#8220; onclick=&#8220;kalium_lightbox&#8220;][\/vc_column][\/vc_row]<\/p>\n<\/div>","protected":false},"excerpt":{"rendered":"<p>[vc_row][vc_column width=&#8220;1\/2&#8243;][vc_single_image image=&#8220;32&#8243; img_size=&#8220;large&#8220; style=&#8220;vc_box_rounded&#8220; onclick=&#8220;kalium_lightbox&#8220;][\/vc_column][vc_column width=&#8220;1\/2&#8243;][vc_column_text] Esel &#8211; Hans und Josef bei unseren beiden Eselbr\u00fcdern handelt es sich um Hausesel. Schon nach kurzer Zeit werdet Ihr die beiden an Ihren \u00e4u\u00dferen und kurz danach auch an Ihren charakterlichen Eigenschaften unterscheiden k\u00f6nnen. Diese Unterschiede zu entdecken ist eine wahre Freude. Und wenn das gegenseitige Vertrauen&hellip;<\/p>\n","protected":false},"author":1,"featured_media":0,"parent":0,"menu_order":0,"comment_status":"closed","ping_status":"closed","template":"","meta":{"footnotes":""},"class_list":["post-11","page","type-page","status-publish","hentry"],"_links":{"self":[{"href":"https:\/\/hansundjosef.de\/index.php?rest_route=\/wp\/v2\/pages\/11","targetHints":{"allow":["GET"]}}],"collection":[{"href":"https:\/\/hansundjosef.de\/index.php?rest_route=\/wp\/v2\/pages"}],"about":[{"href":"https:\/\/hansundjosef.de\/index.php?rest_route=\/wp\/v2\/types\/page"}],"author":[{"embeddable":true,"href":"https:\/\/hansundjosef.de\/index.php?rest_route=\/wp\/v2\/users\/1"}],"replies":[{"embeddable":true,"href":"https:\/\/hansundjosef.de\/index.php?rest_route=%2Fwp%2Fv2%2Fcomments&post=11"}],"version-history":[{"count":22,"href":"https:\/\/hansundjosef.de\/index.php?rest_route=\/wp\/v2\/pages\/11\/revisions"}],"predecessor-version":[{"id":568,"href":"https:\/\/hansundjosef.de\/index.php?rest_route=\/wp\/v2\/pages\/11\/revisions\/568"}],"wp:attachment":[{"href":"https:\/\/hansundjosef.de\/index.php?rest_route=%2Fwp%2Fv2%2Fmedia&parent=11"}],"curies":[{"name":"wp","href":"https:\/\/api.w.org\/{rel}","templated":true}]}}