{"id":13,"date":"2020-02-05T20:20:29","date_gmt":"2020-02-05T20:20:29","guid":{"rendered":"http:\/\/hansundjosef.de\/?page_id=13"},"modified":"2026-02-04T19:40:56","modified_gmt":"2026-02-04T19:40:56","slug":"kontakt","status":"publish","type":"page","link":"https:\/\/hansundjosef.de\/?page_id=13","title":{"rendered":"Kontakt"},"content":{"rendered":"<div class=\"wpb-content-wrapper\"><p>[vc_row][vc_column width=&#8220;1\/2&#8243;][vc_single_image image=&#8220;55&#8243; img_size=&#8220;large&#8220; style=&#8220;vc_box_rounded&#8220; onclick=&#8220;kalium_lightbox&#8220;][\/vc_column][vc_column width=&#8220;1\/2&#8243;][vc_column_text css=&#8220;&#8220;]<\/p>\n<h1 style=\"text-align: left;\">Kontakt<\/h1>\n<p style=\"text-align: left;\">Bitte beachten:<\/p>\n<p style=\"text-align: left;\"><span style=\"color: #ff0000;\">Unsere Tiere k\u00f6nnen nur nach Terminvereinbarung besucht werden.<\/span><\/p>\n<p style=\"text-align: left;\"><strong>Verena Grandel<\/strong><\/p>\n<p style=\"text-align: left;\"><strong>Am G\u00e4nseck 2<\/strong><\/p>\n<p style=\"text-align: left;\"><strong>89431 B\u00e4chingen an der Brenz<\/strong><\/p>\n<p>07325 922769<\/p>\n<p>Ob Auto oder Fahrrad: Bitte immer bis zu den Parkpl\u00e4tzen direkt am Stall heranfahren.[\/vc_column_text][vc_btn title=&#8220;Google Maps \u00f6ffnen&#8220; style=&#8220;classic&#8220; color=&#8220;inverse&#8220; size=&#8220;lg&#8220; i_type=&#8220;linecons&#8220; i_icon_linecons=&#8220;vc_li vc_li-world&#8220; css=&#8220;.vc_custom_1769965694960{margin-top: 0px !important;margin-right: 22px !important;margin-left: 0px !important;}&#8220; add_icon=&#8220;true&#8220; link=&#8220;url:https%3A%2F%2Fmaps.app.goo.gl%2FojpCWKTeSFUbkPB38|target:_blank&#8220;][vc_btn title=&#8220;E-Mail senden&#8220; style=&#8220;classic&#8220; color=&#8220;inverse&#8220; size=&#8220;lg&#8220; i_type=&#8220;linecons&#8220; i_icon_linecons=&#8220;vc_li vc_li-mail&#8220; css=&#8220;.vc_custom_1769965714023{margin-right: 22px !important;}&#8220; add_icon=&#8220;true&#8220; link=&#8220;url:mailto%3Ainfo%40hansundjosef.de|target:_blank&#8220;][vc_btn title=&#8220;Anrufen&#8220; style=&#8220;classic&#8220; color=&#8220;inverse&#8220; size=&#8220;lg&#8220; i_icon_fontawesome=&#8220;fas fa-phone-alt&#8220; css=&#8220;.vc_custom_1769965564320{margin-right: 22px !important;}&#8220; add_icon=&#8220;true&#8220; link=&#8220;url:tel%3A%2B497325922769|target:_blank&#8220;][\/vc_column][\/vc_row]<\/p>\n<\/div>","protected":false},"excerpt":{"rendered":"<p>[vc_row][vc_column width=&#8220;1\/2&#8243;][vc_single_image image=&#8220;55&#8243; img_size=&#8220;large&#8220; style=&#8220;vc_box_rounded&#8220; onclick=&#8220;kalium_lightbox&#8220;][\/vc_column][vc_column width=&#8220;1\/2&#8243;][vc_column_text css=&#8220;&#8220;] Kontakt Bitte beachten: Unsere Tiere k\u00f6nnen nur nach Terminvereinbarung besucht werden. Verena Grandel Am G\u00e4nseck 2 89431 B\u00e4chingen an der Brenz 07325 922769 Ob Auto oder Fahrrad: Bitte immer bis zu den Parkpl\u00e4tzen direkt am Stall heranfahren.[\/vc_column_text][vc_btn title=&#8220;Google Maps \u00f6ffnen&#8220; style=&#8220;classic&#8220; color=&#8220;inverse&#8220; size=&#8220;lg&#8220; i_type=&#8220;linecons&#8220; i_icon_linecons=&#8220;vc_li vc_li-world&#8220; css=&#8220;.vc_custom_1769965694960{margin-top:&hellip;<\/p>\n","protected":false},"author":1,"featured_media":0,"parent":0,"menu_order":0,"comment_status":"closed","ping_status":"closed","template":"","meta":{"footnotes":""},"class_list":["post-13","page","type-page","status-publish","hentry"],"_links":{"self":[{"href":"https:\/\/hansundjosef.de\/index.php?rest_route=\/wp\/v2\/pages\/13","targetHints":{"allow":["GET"]}}],"collection":[{"href":"https:\/\/hansundjosef.de\/index.php?rest_route=\/wp\/v2\/pages"}],"about":[{"href":"https:\/\/hansundjosef.de\/index.php?rest_route=\/wp\/v2\/types\/page"}],"author":[{"embeddable":true,"href":"https:\/\/hansundjosef.de\/index.php?rest_route=\/wp\/v2\/users\/1"}],"replies":[{"embeddable":true,"href":"https:\/\/hansundjosef.de\/index.php?rest_route=%2Fwp%2Fv2%2Fcomments&post=13"}],"version-history":[{"count":41,"href":"https:\/\/hansundjosef.de\/index.php?rest_route=\/wp\/v2\/pages\/13\/revisions"}],"predecessor-version":[{"id":983,"href":"https:\/\/hansundjosef.de\/index.php?rest_route=\/wp\/v2\/pages\/13\/revisions\/983"}],"wp:attachment":[{"href":"https:\/\/hansundjosef.de\/index.php?rest_route=%2Fwp%2Fv2%2Fmedia&parent=13"}],"curies":[{"name":"wp","href":"https:\/\/api.w.org\/{rel}","templated":true}]}}