{"id":18,"date":"2020-02-05T20:45:14","date_gmt":"2020-02-05T20:45:14","guid":{"rendered":"http:\/\/hansundjosef.de\/?page_id=18"},"modified":"2026-02-02T21:12:36","modified_gmt":"2026-02-02T21:12:36","slug":"wandern","status":"publish","type":"page","link":"https:\/\/hansundjosef.de\/?page_id=18","title":{"rendered":"Gro\u00dfe Tageswanderung"},"content":{"rendered":"<div class=\"wpb-content-wrapper\"><p>[vc_row][vc_column][vc_column_text css=&#8220;&#8220;]<\/p>\n<h1 style=\"text-align: center;\">Gro\u00dfe Tageswanderung<\/h1>\n<p>[\/vc_column_text][vc_single_image image=&#8220;615&#8243; img_size=&#8220;full&#8220;][\/vc_column][\/vc_row][vc_row][vc_column width=&#8220;1\/3&#8243;][vc_column_text css=&#8220;&#8220;]Gemeinsam richten wir die zwei Esel f\u00fcr unsere Wanderung her. In die Satteltaschen unserer Esel packen wir genug zum Essen und zum Trinken f\u00fcr unsere Wanderung durch das Gundelfinger Moos.<\/p>\n<p>Und los geht\u00b4s &#8211; jeder f\u00fchrt einmal den Hans und den Josef.<\/p>\n<p>Bei unserer Rast an der alten Blutbuche oder beim Vogelbeobachtungsturm erleichtern wir den Eseln Ihre Last und st\u00e4rken uns mit unseren Vorr\u00e4ten.<\/p>\n<p>Wer ein Fernglas hat bringt das gerne mit. Sicher sehen wir ein paar Rehe und einige der \u00fcber 150 dort br\u00fctenden Vogelarten.<\/p>\n<p>&nbsp;<\/p>\n<p>\u20ac 120,- f\u00fcr Gruppen bis zu 10 Personen<\/p>\n<ul>\n<li>W\u00e4hrend der gesamten Wanderung ist immer jemand von uns dabei<\/li>\n<li><strong>Dauer ca. 4-5 Stunden inkl. Pause<\/strong><\/li>\n<li><strong>7 oder 10 Kilometer &#8211; Das k\u00f6nnen wir unterwegs entscheiden, flach<\/strong><\/li>\n<li>gr\u00f6\u00dfere Touren sind auf Anfrage gerne m\u00f6glich<\/li>\n<li>Anschlie\u00dfend k\u00f6nnt Ihre gerne am Eselstall oder im Bauwagen den Nachmittag ausklingen lassen<\/li>\n<li>Geeignet f\u00fcr Erwachsene und Kinder ab 8 Jahren<\/li>\n<\/ul>\n<p>&nbsp;<\/p>\n<p>optional:<\/p>\n<p>\u20ac 10,- Lagerfeuerholz<\/p>\n<p>\u20ac 20,- beheizter Bauwagen<\/p>\n<p>&nbsp;<\/p>\n<h1>Anfrage:<\/h1>\n<div class=\"wpcf7 no-js\" id=\"wpcf7-f489-o1\" lang=\"de-DE\" dir=\"ltr\" data-wpcf7-id=\"489\">\n<div class=\"screen-reader-response\"><p role=\"status\" aria-live=\"polite\" aria-atomic=\"true\"><\/p> <ul><\/ul><\/div>\n<form action=\"\/index.php?rest_route=%2Fwp%2Fv2%2Fpages%2F18#wpcf7-f489-o1\" method=\"post\" class=\"wpcf7-form init\" aria-label=\"Kontaktformular\" novalidate=\"novalidate\" data-status=\"init\">\n<fieldset class=\"hidden-fields-container\"><input type=\"hidden\" name=\"_wpcf7\" value=\"489\" \/><input type=\"hidden\" name=\"_wpcf7_version\" value=\"6.1.4\" \/><input type=\"hidden\" name=\"_wpcf7_locale\" value=\"de_DE\" \/><input type=\"hidden\" name=\"_wpcf7_unit_tag\" value=\"wpcf7-f489-o1\" \/><input type=\"hidden\" name=\"_wpcf7_container_post\" value=\"0\" \/><input type=\"hidden\" name=\"_wpcf7_posted_data_hash\" value=\"\" \/>\n<\/fieldset>\n<p><label> Dein Name *<br \/>\n<span class=\"wpcf7-form-control-wrap\" data-name=\"your-name\"><input size=\"40\" maxlength=\"400\" class=\"wpcf7-form-control wpcf7-text wpcf7-validates-as-required\" aria-required=\"true\" aria-invalid=\"false\" value=\"\" type=\"text\" name=\"your-name\" \/><\/span> <\/label>\n<\/p>\n<p><label> Deine E-Mail-Adresse *<br \/>\n<span class=\"wpcf7-form-control-wrap\" data-name=\"your-email\"><input size=\"40\" maxlength=\"400\" class=\"wpcf7-form-control wpcf7-email wpcf7-validates-as-required wpcf7-text wpcf7-validates-as-email\" aria-required=\"true\" aria-invalid=\"false\" value=\"\" type=\"email\" name=\"your-email\" \/><\/span> <\/label>\n<\/p>\n<p><label> Wunsch-Datum<br \/>\n<span class=\"wpcf7-form-control-wrap\" data-name=\"wunschdatum\"><input class=\"wpcf7-form-control wpcf7-date wpcf7-validates-as-date\" aria-invalid=\"false\" value=\"\" type=\"date\" name=\"wunschdatum\" \/><\/span> <\/label>\n<\/p>\n<p><label> Wunsch-Uhrzeit<br \/>\n<span class=\"wpcf7-form-control-wrap\" data-name=\"Uhrzeit\"><input size=\"40\" maxlength=\"400\" class=\"wpcf7-form-control wpcf7-text\" aria-invalid=\"false\" value=\"\" type=\"text\" name=\"Uhrzeit\" \/><\/span> <\/label>\n<\/p>\n<p><label> Telefon\/Handy<br \/>\n<span class=\"wpcf7-form-control-wrap\" data-name=\"Telefon\"><input size=\"40\" maxlength=\"400\" class=\"wpcf7-form-control wpcf7-tel wpcf7-text wpcf7-validates-as-tel\" aria-invalid=\"false\" value=\"\" type=\"tel\" name=\"Telefon\" \/><\/span> <\/label>\n<\/p>\n<p><label> Bitte schreibt kurz etwas zu Eurer Gruppe:<br \/>\n<span class=\"wpcf7-form-control-wrap\" data-name=\"Teinehmer\"><input size=\"40\" maxlength=\"400\" class=\"wpcf7-form-control wpcf7-text\" aria-invalid=\"false\" value=\"\" type=\"text\" name=\"Teinehmer\" \/><\/span> <\/label>\n<\/p>\n<p><span class=\"wpcf7-form-control-wrap\" data-name=\"acceptance-174\"><span class=\"wpcf7-form-control wpcf7-acceptance\"><span class=\"wpcf7-list-item\"><label><input type=\"checkbox\" name=\"acceptance-174\" value=\"1\" aria-invalid=\"false\" \/><span class=\"wpcf7-list-item-label\">Ich habe die Datenschutzerkl\u00e4rung gelesen und bin damit einverstanden<\/span><\/label><\/span><\/span><\/span>\n<\/p>\n<p><input class=\"wpcf7-form-control wpcf7-submit has-spinner\" type=\"submit\" value=\"Anfrage senden\" \/>\n<\/p><p style=\"display: none !important;\" class=\"akismet-fields-container\" data-prefix=\"_wpcf7_ak_\"><label>&#916;<textarea name=\"_wpcf7_ak_hp_textarea\" cols=\"45\" rows=\"8\" maxlength=\"100\"><\/textarea><\/label><input type=\"hidden\" id=\"ak_js_1\" name=\"_wpcf7_ak_js\" value=\"195\"\/><script>document.getElementById( \"ak_js_1\" ).setAttribute( \"value\", ( new Date() ).getTime() );<\/script><\/p><div class=\"wpcf7-response-output\" aria-hidden=\"true\"><\/div>\n<\/form>\n<\/div>\n[\/vc_column_text][\/vc_column][vc_column width=&#8220;1\/3&#8243;][vc_single_image image=&#8220;41&#8243; img_size=&#8220;large&#8220;][vc_single_image image=&#8220;944&#8243; img_size=&#8220;large&#8220; css=&#8220;&#8220;][vc_single_image image=&#8220;684&#8243; img_size=&#8220;large&#8220;][vc_single_image image=&#8220;673&#8243; img_size=&#8220;large&#8220;][vc_single_image image=&#8220;690&#8243; img_size=&#8220;large&#8220;][\/vc_column][vc_column width=&#8220;1\/3&#8243;][vc_single_image image=&#8220;674&#8243; img_size=&#8220;large&#8220;][vc_single_image image=&#8220;614&#8243; img_size=&#8220;large&#8220;][vc_single_image image=&#8220;49&#8243; img_size=&#8220;large&#8220;][vc_single_image image=&#8220;691&#8243; img_size=&#8220;large&#8220;][vc_single_image image=&#8220;688&#8243; img_size=&#8220;large&#8220; css=&#8220;&#8220;][\/vc_column][\/vc_row]<\/p>\n<\/div>","protected":false},"excerpt":{"rendered":"<p>[vc_row][vc_column][vc_column_text css=&#8220;&#8220;] Gro\u00dfe Tageswanderung [\/vc_column_text][vc_single_image image=&#8220;615&#8243; img_size=&#8220;full&#8220;][\/vc_column][\/vc_row][vc_row][vc_column width=&#8220;1\/3&#8243;][vc_column_text css=&#8220;&#8220;]Gemeinsam richten wir die zwei Esel f\u00fcr unsere Wanderung her. In die Satteltaschen unserer Esel packen wir genug zum Essen und zum Trinken f\u00fcr unsere Wanderung durch das Gundelfinger Moos. Und los geht\u00b4s &#8211; jeder f\u00fchrt einmal den Hans und den Josef. Bei unserer Rast an der&hellip;<\/p>\n","protected":false},"author":1,"featured_media":0,"parent":0,"menu_order":0,"comment_status":"closed","ping_status":"closed","template":"","meta":{"footnotes":""},"class_list":["post-18","page","type-page","status-publish","hentry"],"_links":{"self":[{"href":"https:\/\/hansundjosef.de\/index.php?rest_route=\/wp\/v2\/pages\/18","targetHints":{"allow":["GET"]}}],"collection":[{"href":"https:\/\/hansundjosef.de\/index.php?rest_route=\/wp\/v2\/pages"}],"about":[{"href":"https:\/\/hansundjosef.de\/index.php?rest_route=\/wp\/v2\/types\/page"}],"author":[{"embeddable":true,"href":"https:\/\/hansundjosef.de\/index.php?rest_route=\/wp\/v2\/users\/1"}],"replies":[{"embeddable":true,"href":"https:\/\/hansundjosef.de\/index.php?rest_route=%2Fwp%2Fv2%2Fcomments&post=18"}],"version-history":[{"count":42,"href":"https:\/\/hansundjosef.de\/index.php?rest_route=\/wp\/v2\/pages\/18\/revisions"}],"predecessor-version":[{"id":947,"href":"https:\/\/hansundjosef.de\/index.php?rest_route=\/wp\/v2\/pages\/18\/revisions\/947"}],"wp:attachment":[{"href":"https:\/\/hansundjosef.de\/index.php?rest_route=%2Fwp%2Fv2%2Fmedia&parent=18"}],"curies":[{"name":"wp","href":"https:\/\/api.w.org\/{rel}","templated":true}]}}