{"id":426,"date":"2021-08-29T08:29:28","date_gmt":"2021-08-29T08:29:28","guid":{"rendered":"http:\/\/hansundjosef.de\/?page_id=426"},"modified":"2026-03-04T11:27:02","modified_gmt":"2026-03-04T11:27:02","slug":"eselsapziergang-fuer-kinder","status":"publish","type":"page","link":"https:\/\/hansundjosef.de\/?page_id=426","title":{"rendered":"Kleiner Spaziergang"},"content":{"rendered":"<div class=\"wpb-content-wrapper\"><p>[vc_row][vc_column][vc_column_text css=&#8220;&#8220;]<\/p>\n<h1 style=\"text-align: center;\">Kleiner Spaziergang<\/h1>\n<p>[\/vc_column_text][vc_single_image image=&#8220;606&#8243; img_size=&#8220;full&#8220;][\/vc_column][\/vc_row][vc_row][vc_column width=&#8220;1\/3&#8243;][vc_column_text css=&#8220;&#8220;]Bevor es losgeht wollen unsere Esel nat\u00fcrlich hergerichtet werden. Das hei\u00dft: Die beiden Esel kennenlernen, Halfter anlegen, Esel striegeln, Hufe auskratzen, Umgang mit mit den Eseln auf unserem Platz \u00fcben und den Stall f\u00fcr unsere R\u00fcckkehr vorbereiten.<\/p>\n<p>Jetzt kann es losgehen! Gemeinsam spazieren wir mit den Eseln entlang der Brenz durch die wundersch\u00f6ne Schlossallee, vorbei\u00a0 am Wasserspielplatz der &#8222;Umweltstation mooseum&#8220; und kommen dann zur\u00fcck zum Eselstall.<\/p>\n<p>&nbsp;<\/p>\n<p>\u20ac 50,- bis einschlie\u00dflich 5 Personen<\/p>\n<p>\u20ac 60,- f\u00fcr 6 Personen<\/p>\n<p>\u20ac 70,- f\u00fcr 7 Personen<\/p>\n<p>\u20ac 80,- f\u00fcr 8 Personen und mehr<\/p>\n<p>Kleinkinder bis zum 3. Lebensjahr z\u00e4hlen nicht \ud83d\ude09<\/p>\n<p>Alles in allem dauert der Ausflug mit Vorbereitung ca. 2 Stunden<\/p>\n<ul>\n<li>W\u00e4hrend des Spaziergangs ist immer jemand von uns dabei<\/li>\n<li>Nach dem Spaziergang k\u00f6nnt Ihr gerne am Eselstall &#8211; ohne uns &#8211; ein Picknick oder ein Lagerfeuer machen. Oder im Bauwagen Euren Kuchen essen.<\/li>\n<li>Geeignet f\u00fcr Kinder, Jugendliche und Erwachsene<\/li>\n<li>Auch im Herbst und im kalten Winter kann man bei uns eine wunderbare Zeit verbringen. Im beheizten Bauwagen ist es mollig-warm.<\/li>\n<\/ul>\n<p>optional:<\/p>\n<p>\u20ac 10,- Lagerfeuerholz<\/p>\n<p>\u20ac 20,- beheizter Bauwagen<\/p>\n<h1>Anfrage:<\/h1>\n<div class=\"wpcf7 no-js\" id=\"wpcf7-f487-o1\" lang=\"de-DE\" dir=\"ltr\" data-wpcf7-id=\"487\">\n<div class=\"screen-reader-response\"><p role=\"status\" aria-live=\"polite\" aria-atomic=\"true\"><\/p> <ul><\/ul><\/div>\n<form action=\"\/index.php?rest_route=%2Fwp%2Fv2%2Fpages%2F426#wpcf7-f487-o1\" method=\"post\" class=\"wpcf7-form init\" aria-label=\"Kontaktformular\" novalidate=\"novalidate\" data-status=\"init\">\n<fieldset class=\"hidden-fields-container\"><input type=\"hidden\" name=\"_wpcf7\" value=\"487\" \/><input type=\"hidden\" name=\"_wpcf7_version\" value=\"6.1.4\" \/><input type=\"hidden\" name=\"_wpcf7_locale\" value=\"de_DE\" \/><input type=\"hidden\" name=\"_wpcf7_unit_tag\" value=\"wpcf7-f487-o1\" \/><input type=\"hidden\" name=\"_wpcf7_container_post\" value=\"0\" \/><input type=\"hidden\" name=\"_wpcf7_posted_data_hash\" value=\"\" \/>\n<\/fieldset>\n<p><label> Dein Name *<br \/>\n<span class=\"wpcf7-form-control-wrap\" data-name=\"your-name\"><input size=\"40\" maxlength=\"400\" class=\"wpcf7-form-control wpcf7-text wpcf7-validates-as-required\" aria-required=\"true\" aria-invalid=\"false\" value=\"\" type=\"text\" name=\"your-name\" \/><\/span> <\/label>\n<\/p>\n<p><label> Deine E-Mail-Adresse *<br \/>\n<span class=\"wpcf7-form-control-wrap\" data-name=\"your-email\"><input size=\"40\" maxlength=\"400\" class=\"wpcf7-form-control wpcf7-email wpcf7-validates-as-required wpcf7-text wpcf7-validates-as-email\" aria-required=\"true\" aria-invalid=\"false\" value=\"\" type=\"email\" name=\"your-email\" \/><\/span> <\/label>\n<\/p>\n<p><label> Wunsch-Datum<br \/>\n<span class=\"wpcf7-form-control-wrap\" data-name=\"wunschdatum\"><input class=\"wpcf7-form-control wpcf7-date wpcf7-validates-as-date\" aria-invalid=\"false\" value=\"\" type=\"date\" name=\"wunschdatum\" \/><\/span> <\/label>\n<\/p>\n<p><label> Wunsch-Uhrzeit<br \/>\n<span class=\"wpcf7-form-control-wrap\" data-name=\"Uhrzeit\"><input size=\"40\" maxlength=\"400\" class=\"wpcf7-form-control wpcf7-text\" aria-invalid=\"false\" value=\"\" type=\"text\" name=\"Uhrzeit\" \/><\/span><\/label>\n<\/p>\n<p><label> Telefon\/Handy<br \/>\n<span class=\"wpcf7-form-control-wrap\" data-name=\"Telefon\"><input size=\"40\" maxlength=\"400\" class=\"wpcf7-form-control wpcf7-tel wpcf7-text wpcf7-validates-as-tel\" aria-invalid=\"false\" value=\"\" type=\"tel\" name=\"Telefon\" \/><\/span> <\/label>\n<\/p>\n<p><label> Wie sind die Vornamen und das Alter aller Teilnehmer? noch Fragen an uns?<br \/>\n<span class=\"wpcf7-form-control-wrap\" data-name=\"Teinehmer\"><input size=\"40\" maxlength=\"400\" class=\"wpcf7-form-control wpcf7-text\" aria-invalid=\"false\" value=\"\" type=\"text\" name=\"Teinehmer\" \/><\/span> <\/label>\n<\/p>\n<p><span class=\"wpcf7-form-control-wrap\" data-name=\"acceptance-174\"><span class=\"wpcf7-form-control wpcf7-acceptance\"><span class=\"wpcf7-list-item\"><label><input type=\"checkbox\" name=\"acceptance-174\" value=\"1\" aria-invalid=\"false\" \/><span class=\"wpcf7-list-item-label\">Ich habe die Datenschutzerkl\u00e4rung gelesen und bin damit einverstanden<\/span><\/label><\/span><\/span><\/span>\n<\/p>\n<p><input class=\"wpcf7-form-control wpcf7-submit has-spinner\" type=\"submit\" value=\"Anfrage senden\" \/>\n<\/p><p style=\"display: none !important;\" class=\"akismet-fields-container\" data-prefix=\"_wpcf7_ak_\"><label>&#916;<textarea name=\"_wpcf7_ak_hp_textarea\" cols=\"45\" rows=\"8\" maxlength=\"100\"><\/textarea><\/label><input type=\"hidden\" id=\"ak_js_1\" name=\"_wpcf7_ak_js\" value=\"131\"\/><script>document.getElementById( \"ak_js_1\" ).setAttribute( \"value\", ( new Date() ).getTime() );<\/script><\/p><div class=\"wpcf7-response-output\" aria-hidden=\"true\"><\/div>\n<\/form>\n<\/div>\n[\/vc_column_text][\/vc_column][vc_column width=&#8220;1\/3&#8243;][vc_single_image image=&#8220;589&#8243; img_size=&#8220;large&#8220;][vc_single_image image=&#8220;279&#8243; img_size=&#8220;large&#8220;][vc_single_image image=&#8220;180&#8243; img_size=&#8220;large&#8220; css=&#8220;&#8220;][vc_single_image image=&#8220;192&#8243; img_size=&#8220;large&#8220; css=&#8220;&#8220;][\/vc_column][vc_column width=&#8220;1\/3&#8243;][vc_single_image image=&#8220;584&#8243; img_size=&#8220;large&#8220; css=&#8220;&#8220;][vc_single_image image=&#8220;295&#8243; img_size=&#8220;large&#8220;][vc_single_image image=&#8220;386&#8243; img_size=&#8220;large&#8220;][vc_single_image image=&#8220;591&#8243; img_size=&#8220;large&#8220;][\/vc_column][\/vc_row]<\/p>\n<\/div>","protected":false},"excerpt":{"rendered":"<p>[vc_row][vc_column][vc_column_text css=&#8220;&#8220;] Kleiner Spaziergang [\/vc_column_text][vc_single_image image=&#8220;606&#8243; img_size=&#8220;full&#8220;][\/vc_column][\/vc_row][vc_row][vc_column width=&#8220;1\/3&#8243;][vc_column_text css=&#8220;&#8220;]Bevor es losgeht wollen unsere Esel nat\u00fcrlich hergerichtet werden. Das hei\u00dft: Die beiden Esel kennenlernen, Halfter anlegen, Esel striegeln, Hufe auskratzen, Umgang mit mit den Eseln auf unserem Platz \u00fcben und den Stall f\u00fcr unsere R\u00fcckkehr vorbereiten. Jetzt kann es losgehen! Gemeinsam spazieren wir mit den Eseln&hellip;<\/p>\n","protected":false},"author":1,"featured_media":0,"parent":0,"menu_order":0,"comment_status":"closed","ping_status":"closed","template":"","meta":{"footnotes":""},"class_list":["post-426","page","type-page","status-publish","hentry"],"_links":{"self":[{"href":"https:\/\/hansundjosef.de\/index.php?rest_route=\/wp\/v2\/pages\/426","targetHints":{"allow":["GET"]}}],"collection":[{"href":"https:\/\/hansundjosef.de\/index.php?rest_route=\/wp\/v2\/pages"}],"about":[{"href":"https:\/\/hansundjosef.de\/index.php?rest_route=\/wp\/v2\/types\/page"}],"author":[{"embeddable":true,"href":"https:\/\/hansundjosef.de\/index.php?rest_route=\/wp\/v2\/users\/1"}],"replies":[{"embeddable":true,"href":"https:\/\/hansundjosef.de\/index.php?rest_route=%2Fwp%2Fv2%2Fcomments&post=426"}],"version-history":[{"count":37,"href":"https:\/\/hansundjosef.de\/index.php?rest_route=\/wp\/v2\/pages\/426\/revisions"}],"predecessor-version":[{"id":1107,"href":"https:\/\/hansundjosef.de\/index.php?rest_route=\/wp\/v2\/pages\/426\/revisions\/1107"}],"wp:attachment":[{"href":"https:\/\/hansundjosef.de\/index.php?rest_route=%2Fwp%2Fv2%2Fmedia&parent=426"}],"curies":[{"name":"wp","href":"https:\/\/api.w.org\/{rel}","templated":true}]}}