{"id":491,"date":"2021-08-29T16:49:47","date_gmt":"2021-08-29T16:49:47","guid":{"rendered":"http:\/\/hansundjosef.de\/?page_id=491"},"modified":"2026-03-02T10:47:10","modified_gmt":"2026-03-02T10:47:10","slug":"kindergeburtstag-2","status":"publish","type":"page","link":"https:\/\/hansundjosef.de\/?page_id=491","title":{"rendered":"Tier-Treff"},"content":{"rendered":"<div class=\"wpb-content-wrapper\"><p>[vc_row][vc_column][vc_column_text css=&#8220;&#8220;]<\/p>\n<h1 style=\"text-align: center;\">Tier-Treff<\/h1>\n<p>[\/vc_column_text][\/vc_column][\/vc_row][vc_row][vc_column width=&#8220;1\/3&#8243;][vc_column_text css=&#8220;&#8220;]Der <strong>Tier-Treff<\/strong>\u00a0findet an ausgew\u00e4hlten Sammel-Terminen (siehe unten) statt und richtet sich an Kinder von 6 bis 12 Jahre.<\/p>\n<p>Beim <strong>Tier-Treff<\/strong> lernt Ihr unsere Tiere hautnah kennen. Wir starten mit einer kleinen Einheit Stallarbeit bei den Eseln. Danach legen wir den Eseln die Halfter an und b\u00fcrsten sie kr\u00e4ftig und kratzen die Hufe sauber.<\/p>\n<p>Jetzt gehts los: wir machen einen Minispaziergang mit den Eseln. Und jede(r) darf mal den Hans und den Josef f\u00fchren.\u00a0 Zur\u00fcck am Stall f\u00fcttern wir die Tiere und entscheiden ob wir zu den Schafen oder zu den H\u00fchnern gehen. Oder schaffen wir beides? Wir werden es sehen.<\/p>\n<p>Anschlie\u00dfend k\u00f6nnt Ihre gerne noch Zeit am Stall verbringen und Euer mitgebrachtes Picknick essen.<\/p>\n<ul>\n<li>geeignet f\u00fcr Kinder von 6 bis 12 Jahre<\/li>\n<li>max. 8 Kinder<\/li>\n<li>Es muss immer ein Elternteil\/Erziehungsberechtigter dabei sein<\/li>\n<li>\u20ac 8,- je Kind &#8211; Bezahlung vor Ort: Bar oder Paypal<\/li>\n<\/ul>\n<h1><\/h1>\n<h1><strong>Anmeldung:<\/strong><\/h1>\n<div class=\"wpcf7 no-js\" id=\"wpcf7-f853-o1\" lang=\"de-DE\" dir=\"ltr\" data-wpcf7-id=\"853\">\n<div class=\"screen-reader-response\"><p role=\"status\" aria-live=\"polite\" aria-atomic=\"true\"><\/p> <ul><\/ul><\/div>\n<form action=\"\/index.php?rest_route=%2Fwp%2Fv2%2Fpages%2F491#wpcf7-f853-o1\" method=\"post\" class=\"wpcf7-form init\" aria-label=\"Kontaktformular\" novalidate=\"novalidate\" data-status=\"init\">\n<fieldset class=\"hidden-fields-container\"><input type=\"hidden\" name=\"_wpcf7\" value=\"853\" \/><input type=\"hidden\" name=\"_wpcf7_version\" value=\"6.1.4\" \/><input type=\"hidden\" name=\"_wpcf7_locale\" value=\"de_DE\" \/><input type=\"hidden\" name=\"_wpcf7_unit_tag\" value=\"wpcf7-f853-o1\" \/><input type=\"hidden\" name=\"_wpcf7_container_post\" value=\"0\" \/><input type=\"hidden\" name=\"_wpcf7_posted_data_hash\" value=\"\" \/>\n<\/fieldset>\n<p><label> Dein Name *<br \/>\n<span class=\"wpcf7-form-control-wrap\" data-name=\"your-name\"><input size=\"40\" maxlength=\"400\" class=\"wpcf7-form-control wpcf7-text wpcf7-validates-as-required\" aria-required=\"true\" aria-invalid=\"false\" value=\"\" type=\"text\" name=\"your-name\" \/><\/span> <\/label>\n<\/p>\n<p><label> Deine E-Mail-Adresse *<br \/>\n<span class=\"wpcf7-form-control-wrap\" data-name=\"your-email\"><input size=\"40\" maxlength=\"400\" class=\"wpcf7-form-control wpcf7-email wpcf7-validates-as-required wpcf7-text wpcf7-validates-as-email\" aria-required=\"true\" aria-invalid=\"false\" value=\"\" type=\"email\" name=\"your-email\" \/><\/span> <\/label>\n<\/p>\n<p><span class=\"wpcf7-form-control-wrap\" data-name=\"radio-249\"><span class=\"wpcf7-form-control wpcf7-radio\"><span class=\"wpcf7-list-item first\"><input type=\"radio\" name=\"radio-249\" value=\"So, 21.06.2026 - 10-12 Uhr\" checked=\"checked\" \/><span class=\"wpcf7-list-item-label\">So, 21.06.2026 - 10-12 Uhr<\/span><\/span><span class=\"wpcf7-list-item\"><input type=\"radio\" name=\"radio-249\" value=\"So, 12.07.2026 - 10-12 Uhr\" \/><span class=\"wpcf7-list-item-label\">So, 12.07.2026 - 10-12 Uhr<\/span><\/span><span class=\"wpcf7-list-item\"><input type=\"radio\" name=\"radio-249\" value=\"Do, 13.08.2026 - 10-12 Uhr\" \/><span class=\"wpcf7-list-item-label\">Do, 13.08.2026 - 10-12 Uhr<\/span><\/span><span class=\"wpcf7-list-item\"><input type=\"radio\" name=\"radio-249\" value=\"So, 27.09.2026 - 10-12 Uhr\" \/><span class=\"wpcf7-list-item-label\">So, 27.09.2026 - 10-12 Uhr<\/span><\/span><span class=\"wpcf7-list-item\"><input type=\"radio\" name=\"radio-249\" value=\"So, 18.10.2026 - 10-12 Uhr\" \/><span class=\"wpcf7-list-item-label\">So, 18.10.2026 - 10-12 Uhr<\/span><\/span><span class=\"wpcf7-list-item\"><input type=\"radio\" name=\"radio-249\" value=\"So, 15.11.2026 - 10-12 Uhr\" \/><span class=\"wpcf7-list-item-label\">So, 15.11.2026 - 10-12 Uhr<\/span><\/span><span class=\"wpcf7-list-item last\"><input type=\"radio\" name=\"radio-249\" value=\"Sa, 05.12.2026 - 10-12 Uhr\" \/><span class=\"wpcf7-list-item-label\">Sa, 05.12.2026 - 10-12 Uhr<\/span><\/span><\/span><\/span>\n<\/p>\n<p><label> Anzahl der Kinder *<br \/>\n<span class=\"wpcf7-form-control-wrap\" data-name=\"Anzahl\"><input class=\"wpcf7-form-control wpcf7-number wpcf7-validates-as-required wpcf7-validates-as-number\" min=\"1\" max=\"10\" aria-required=\"true\" aria-invalid=\"false\" value=\"1\" type=\"number\" name=\"Anzahl\" \/><\/span> <\/label>\n<\/p>\n<p><label> Namen und Alter der Kinder<br \/>\n<span class=\"wpcf7-form-control-wrap\" data-name=\"Kindernamen\"><input size=\"40\" maxlength=\"400\" class=\"wpcf7-form-control wpcf7-text\" aria-invalid=\"false\" value=\"\" type=\"text\" name=\"Kindernamen\" \/><\/span> <\/label>\n<\/p>\n<p><label> Fragen an uns (optional)<br \/>\n<span class=\"wpcf7-form-control-wrap\" data-name=\"Frage\"><input size=\"40\" maxlength=\"400\" class=\"wpcf7-form-control wpcf7-text\" aria-invalid=\"false\" value=\"\" type=\"text\" name=\"Frage\" \/><\/span> <\/label>\n<\/p>\n<p><span class=\"wpcf7-form-control-wrap\" data-name=\"acceptance-174\"><span class=\"wpcf7-form-control wpcf7-acceptance\"><span class=\"wpcf7-list-item\"><label><input type=\"checkbox\" name=\"acceptance-174\" value=\"1\" aria-invalid=\"false\" \/><span class=\"wpcf7-list-item-label\">Ich habe die Datenschutzerkl\u00e4rung gelesen und bin damit einverstanden<\/span><\/label><\/span><\/span><\/span>\n<\/p>\n<p><input class=\"wpcf7-form-control wpcf7-submit has-spinner\" type=\"submit\" value=\"Anmeldung senden\" \/>\n<\/p><p style=\"display: none !important;\" class=\"akismet-fields-container\" data-prefix=\"_wpcf7_ak_\"><label>&#916;<textarea name=\"_wpcf7_ak_hp_textarea\" cols=\"45\" rows=\"8\" maxlength=\"100\"><\/textarea><\/label><input type=\"hidden\" id=\"ak_js_1\" name=\"_wpcf7_ak_js\" value=\"78\"\/><script>document.getElementById( \"ak_js_1\" ).setAttribute( \"value\", ( new Date() ).getTime() );<\/script><\/p><div class=\"wpcf7-response-output\" aria-hidden=\"true\"><\/div>\n<\/form>\n<\/div>\n[\/vc_column_text][\/vc_column][vc_column width=&#8220;1\/3&#8243;][vc_single_image image=&#8220;367&#8243; img_size=&#8220;large&#8220;][vc_single_image image=&#8220;901&#8243; img_size=&#8220;large&#8220; css=&#8220;&#8220;][vc_single_image image=&#8220;173&#8243; img_size=&#8220;large&#8220; css=&#8220;&#8220;][vc_single_image image=&#8220;177&#8243; img_size=&#8220;large&#8220; css=&#8220;&#8220;][\/vc_column][vc_column width=&#8220;1\/3&#8243;][vc_single_image image=&#8220;98&#8243; img_size=&#8220;large&#8220; css=&#8220;&#8220;][vc_single_image image=&#8220;45&#8243; img_size=&#8220;large&#8220;][vc_single_image image=&#8220;920&#8243; img_size=&#8220;large&#8220; css=&#8220;&#8220;][vc_single_image image=&#8220;893&#8243; img_size=&#8220;large&#8220; css=&#8220;&#8220;][\/vc_column][\/vc_row]<\/p>\n<\/div>","protected":false},"excerpt":{"rendered":"<p>[vc_row][vc_column][vc_column_text css=&#8220;&#8220;] Tier-Treff [\/vc_column_text][\/vc_column][\/vc_row][vc_row][vc_column width=&#8220;1\/3&#8243;][vc_column_text css=&#8220;&#8220;]Der Tier-Treff\u00a0findet an ausgew\u00e4hlten Sammel-Terminen (siehe unten) statt und richtet sich an Kinder von 6 bis 12 Jahre. Beim Tier-Treff lernt Ihr unsere Tiere hautnah kennen. Wir starten mit einer kleinen Einheit Stallarbeit bei den Eseln. Danach legen wir den Eseln die Halfter an und b\u00fcrsten sie kr\u00e4ftig und kratzen&hellip;<\/p>\n","protected":false},"author":1,"featured_media":0,"parent":0,"menu_order":0,"comment_status":"closed","ping_status":"closed","template":"","meta":{"footnotes":""},"class_list":["post-491","page","type-page","status-publish","hentry"],"_links":{"self":[{"href":"https:\/\/hansundjosef.de\/index.php?rest_route=\/wp\/v2\/pages\/491","targetHints":{"allow":["GET"]}}],"collection":[{"href":"https:\/\/hansundjosef.de\/index.php?rest_route=\/wp\/v2\/pages"}],"about":[{"href":"https:\/\/hansundjosef.de\/index.php?rest_route=\/wp\/v2\/types\/page"}],"author":[{"embeddable":true,"href":"https:\/\/hansundjosef.de\/index.php?rest_route=\/wp\/v2\/users\/1"}],"replies":[{"embeddable":true,"href":"https:\/\/hansundjosef.de\/index.php?rest_route=%2Fwp%2Fv2%2Fcomments&post=491"}],"version-history":[{"count":33,"href":"https:\/\/hansundjosef.de\/index.php?rest_route=\/wp\/v2\/pages\/491\/revisions"}],"predecessor-version":[{"id":1077,"href":"https:\/\/hansundjosef.de\/index.php?rest_route=\/wp\/v2\/pages\/491\/revisions\/1077"}],"wp:attachment":[{"href":"https:\/\/hansundjosef.de\/index.php?rest_route=%2Fwp%2Fv2%2Fmedia&parent=491"}],"curies":[{"name":"wp","href":"https:\/\/api.w.org\/{rel}","templated":true}]}}