{"id":545,"date":"2021-11-04T20:22:08","date_gmt":"2021-11-04T20:22:08","guid":{"rendered":"http:\/\/hansundjosef.de\/?page_id=545"},"modified":"2026-02-10T13:50:24","modified_gmt":"2026-02-10T13:50:24","slug":"gutschein","status":"publish","type":"page","link":"https:\/\/hansundjosef.de\/?page_id=545","title":{"rendered":"Spenden"},"content":{"rendered":"<div class=\"wpb-content-wrapper\"><p>[vc_row][vc_column][vc_column_text css=&#8220;&#8220;]<\/p>\n<h1 style=\"text-align: center;\">Spenden<\/h1>\n<p>[\/vc_column_text][\/vc_column][\/vc_row][vc_row][vc_column width=&#8220;1\/2&#8243;][vc_column_text css=&#8220;&#8220;]Liebe Eselfreunde,<\/p>\n<p>das Halten von Tieren ist ein sch\u00f6nes Hobby. Jeden Tag und zu jeder Zeit sind wir f\u00fcr unsere Tiere da. Und das nicht nur bei Sonnenschein.\u00a0 Sondern auch bei Regen, Schnee und Matsch. Das machen wir gerne und teilen diese Freude mit Euch.<\/p>\n<p>Die Einnahmen aus unseren Spazierg\u00e4ngen und Aktionen mit den Eseln decken einen Teil der anfallenden Kosten f\u00fcr Futter, Tierarzt, Hufpflege und Instandhaltung des Stalls.<\/p>\n<p>Hast Du Lust uns mit einer Spende zu unterst\u00fctzen? \u00dcber den Button gelangst Du zu unserem Paypal-Spendenkonto. Hier kannst Du frei einen Betrag w\u00e4hlen und entscheiden ob Du uns einmalig, monatlich oder j\u00e4hrlich unterst\u00fctzen m\u00f6chtest.<\/p>\n<p>Falls Du uns lieber klassisch per \u00dcberweisung unterst\u00fctzen m\u00f6chtest schreib uns bitte einfach eine <a href=\"mailto:info@hansundjosef.de\">Mail<\/a>.<\/p>\n<p>&nbsp;<\/p>\n<p style=\"text-align: center;\">Herzlichen Dank f\u00fcr Deine Spende.<\/p>\n<p>[\/vc_column_text][vc_single_image image=&#8220;743&#8243; img_size=&#8220;150X75&#8243; alignment=&#8220;center&#8220; onclick=&#8220;custom_link&#8220; css=&#8220;&#8220; link=&#8220;https:\/\/www.paypal.com\/donate\/?hosted_button_id=G9YDEPF7XENC2&#8243;][\/vc_column][vc_column width=&#8220;1\/2&#8243;][vc_single_image image=&#8220;895&#8243; img_size=&#8220;large&#8220; css=&#8220;&#8220;][vc_single_image image=&#8220;894&#8243; img_size=&#8220;large&#8220; css=&#8220;&#8220;][vc_single_image image=&#8220;923&#8243; img_size=&#8220;large&#8220; css=&#8220;&#8220;][vc_single_image image=&#8220;897&#8243; img_size=&#8220;large&#8220; css=&#8220;&#8220;][vc_single_image image=&#8220;909&#8243; img_size=&#8220;large&#8220; css=&#8220;&#8220;][\/vc_column][\/vc_row]<\/p>\n<\/div>","protected":false},"excerpt":{"rendered":"<p>[vc_row][vc_column][vc_column_text css=&#8220;&#8220;] Spenden [\/vc_column_text][\/vc_column][\/vc_row][vc_row][vc_column width=&#8220;1\/2&#8243;][vc_column_text css=&#8220;&#8220;]Liebe Eselfreunde, das Halten von Tieren ist ein sch\u00f6nes Hobby. Jeden Tag und zu jeder Zeit sind wir f\u00fcr unsere Tiere da. Und das nicht nur bei Sonnenschein.\u00a0 Sondern auch bei Regen, Schnee und Matsch. Das machen wir gerne und teilen diese Freude mit Euch. Die Einnahmen aus unseren Spazierg\u00e4ngen&hellip;<\/p>\n","protected":false},"author":1,"featured_media":0,"parent":0,"menu_order":0,"comment_status":"closed","ping_status":"closed","template":"","meta":{"footnotes":""},"class_list":["post-545","page","type-page","status-publish","hentry"],"_links":{"self":[{"href":"https:\/\/hansundjosef.de\/index.php?rest_route=\/wp\/v2\/pages\/545","targetHints":{"allow":["GET"]}}],"collection":[{"href":"https:\/\/hansundjosef.de\/index.php?rest_route=\/wp\/v2\/pages"}],"about":[{"href":"https:\/\/hansundjosef.de\/index.php?rest_route=\/wp\/v2\/types\/page"}],"author":[{"embeddable":true,"href":"https:\/\/hansundjosef.de\/index.php?rest_route=\/wp\/v2\/users\/1"}],"replies":[{"embeddable":true,"href":"https:\/\/hansundjosef.de\/index.php?rest_route=%2Fwp%2Fv2%2Fcomments&post=545"}],"version-history":[{"count":16,"href":"https:\/\/hansundjosef.de\/index.php?rest_route=\/wp\/v2\/pages\/545\/revisions"}],"predecessor-version":[{"id":981,"href":"https:\/\/hansundjosef.de\/index.php?rest_route=\/wp\/v2\/pages\/545\/revisions\/981"}],"wp:attachment":[{"href":"https:\/\/hansundjosef.de\/index.php?rest_route=%2Fwp%2Fv2%2Fmedia&parent=545"}],"curies":[{"name":"wp","href":"https:\/\/api.w.org\/{rel}","templated":true}]}}