{"id":650,"date":"2024-03-11T18:37:54","date_gmt":"2024-03-11T18:37:54","guid":{"rendered":"https:\/\/hansundjosef.de\/?page_id=650"},"modified":"2026-03-13T21:02:08","modified_gmt":"2026-03-13T21:02:08","slug":"gruppenangebote","status":"publish","type":"page","link":"https:\/\/hansundjosef.de\/?page_id=650","title":{"rendered":"Freizeitangebot f\u00fcr Menschen mit Behinderung"},"content":{"rendered":"<div class=\"wpb-content-wrapper\"><p>[vc_row][vc_column][vc_column_text css=&#8220;&#8220;]<\/p>\n<h1 style=\"text-align: center;\">Freizeitangebot f\u00fcr Menschen mit Behinderung<\/h1>\n<p>[\/vc_column_text][vc_single_image image=&#8220;643&#8243; img_size=&#8220;full&#8220;][\/vc_column][\/vc_row][vc_row][vc_column width=&#8220;1\/3&#8243;][vc_column_text css=&#8220;&#8220;]Dieses Angebot richtet sich ausdr\u00fccklich und ausschlie\u00dflich an Gruppen von Menschen mit Behinderung. Alle Teilnehmer*innen lernen unsere Esel kennen und wir k\u00f6nnen je nach M\u00f6glichkeit einen kleinen Spaziergang machen.<\/p>\n<p>Der Weg ist grunds\u00e4tzlich Rolli-geeignet. Aber halt nicht optimal \ud83d\ude09<\/p>\n<p>Am besten wir sprechen uns im Vorfeld genau \u00fcber den Ablauf und die M\u00f6glichkeiten ab.<\/p>\n<p>Ein Highlight sind immer noch zus\u00e4tzlich unsere H\u00fchner.\u00a0 Jeder darf einmal unsere H\u00fchner streicheln und wer sich traut auch einmal halten.<\/p>\n<p>Alles in allem immer ein Riesenspass f\u00fcr alle.<\/p>\n<p>Nach der Aktion k\u00f6nnt Ihr gerne noch lange am Stall bleiben und Eure mitgebrachten Brotzeiten oder Kuchen essen.<\/p>\n<p>Oder Ihr macht noch ein Lagerfeuer.<\/p>\n<p>Und noch eine Info: Unser Klo am Stall kann ebenerdig mit einem Rolli befahren werden.<\/p>\n<p>&nbsp;<\/p>\n<p>\u20ac\u00a0 65,- f\u00fcr Gruppen bis zu 10 Personen (Betreuer*innen\u00a0 z\u00e4hlen nicht)<\/p>\n<p>\u20ac\u00a0 \u00a05,- je weitere Person mit Handicap<\/p>\n<p>&nbsp;<\/p>\n<ul>\n<li>W\u00e4hrend der gesamten Zeit ist immer jemand von uns dabei<\/li>\n<li><strong>Dauer ca. 1,5\u00a0 Stunden plus Zeit am Stall<\/strong><\/li>\n<\/ul>\n<p>optional:<\/p>\n<p>\u20ac 10,- Lagerfeuerholz<\/p>\n<p>\u20ac 20,- beheizter Bauwagen<\/p>\n<p>&nbsp;<\/p>\n<h1>Anfrage:<\/h1>\n<div class=\"wpcf7 no-js\" id=\"wpcf7-f657-o1\" lang=\"de-DE\" dir=\"ltr\" data-wpcf7-id=\"657\">\n<div class=\"screen-reader-response\"><p role=\"status\" aria-live=\"polite\" aria-atomic=\"true\"><\/p> <ul><\/ul><\/div>\n<form action=\"\/index.php?rest_route=%2Fwp%2Fv2%2Fpages%2F650#wpcf7-f657-o1\" method=\"post\" class=\"wpcf7-form init\" aria-label=\"Kontaktformular\" novalidate=\"novalidate\" data-status=\"init\">\n<fieldset class=\"hidden-fields-container\"><input type=\"hidden\" name=\"_wpcf7\" value=\"657\" \/><input type=\"hidden\" name=\"_wpcf7_version\" value=\"6.1.4\" \/><input type=\"hidden\" name=\"_wpcf7_locale\" value=\"de_DE\" \/><input type=\"hidden\" name=\"_wpcf7_unit_tag\" value=\"wpcf7-f657-o1\" \/><input type=\"hidden\" name=\"_wpcf7_container_post\" value=\"0\" \/><input type=\"hidden\" name=\"_wpcf7_posted_data_hash\" value=\"\" \/>\n<\/fieldset>\n<p><label> Dein Name *<br \/>\n<span class=\"wpcf7-form-control-wrap\" data-name=\"your-name\"><input size=\"40\" maxlength=\"400\" class=\"wpcf7-form-control wpcf7-text wpcf7-validates-as-required\" aria-required=\"true\" aria-invalid=\"false\" value=\"\" type=\"text\" name=\"your-name\" \/><\/span> <\/label>\n<\/p>\n<p><label> Deine E-Mail-Adresse *<br \/>\n<span class=\"wpcf7-form-control-wrap\" data-name=\"your-email\"><input size=\"40\" maxlength=\"400\" class=\"wpcf7-form-control wpcf7-email wpcf7-validates-as-required wpcf7-text wpcf7-validates-as-email\" aria-required=\"true\" aria-invalid=\"false\" value=\"\" type=\"email\" name=\"your-email\" \/><\/span> <\/label>\n<\/p>\n<p><label> Wunsch-Datum<br \/>\n<span class=\"wpcf7-form-control-wrap\" data-name=\"wunschdatum\"><input class=\"wpcf7-form-control wpcf7-date wpcf7-validates-as-date\" aria-invalid=\"false\" value=\"\" type=\"date\" name=\"wunschdatum\" \/><\/span> <\/label>\n<\/p>\n<p><label> Wunsch-Uhrzeit<br \/>\n<span class=\"wpcf7-form-control-wrap\" data-name=\"Uhrzeit\"><input size=\"40\" maxlength=\"400\" class=\"wpcf7-form-control wpcf7-text\" aria-invalid=\"false\" value=\"\" type=\"text\" name=\"Uhrzeit\" \/><\/span> <\/label>\n<\/p>\n<p><label> Telefon\/Handy<br \/>\n<span class=\"wpcf7-form-control-wrap\" data-name=\"Telefon\"><input size=\"40\" maxlength=\"400\" class=\"wpcf7-form-control wpcf7-tel wpcf7-text wpcf7-validates-as-tel\" aria-invalid=\"false\" value=\"\" type=\"tel\" name=\"Telefon\" \/><\/span> <\/label>\n<\/p>\n<p><label> Bitte schreibt kurz etwas zu Eurer Gruppe:<br \/>\n<span class=\"wpcf7-form-control-wrap\" data-name=\"Teinehmer\"><input size=\"40\" maxlength=\"400\" class=\"wpcf7-form-control wpcf7-text\" aria-invalid=\"false\" value=\"\" type=\"text\" name=\"Teinehmer\" \/><\/span> <\/label>\n<\/p>\n<p><span class=\"wpcf7-form-control-wrap\" data-name=\"acceptance-174\"><span class=\"wpcf7-form-control wpcf7-acceptance\"><span class=\"wpcf7-list-item\"><label><input type=\"checkbox\" name=\"acceptance-174\" value=\"1\" aria-invalid=\"false\" \/><span class=\"wpcf7-list-item-label\">Ich habe die Datenschutzerkl\u00e4rung gelesen und bin damit einverstanden<\/span><\/label><\/span><\/span><\/span>\n<\/p>\n<p><input class=\"wpcf7-form-control wpcf7-submit has-spinner\" type=\"submit\" value=\"Anfrage senden\" \/>\n<\/p><p style=\"display: none !important;\" class=\"akismet-fields-container\" data-prefix=\"_wpcf7_ak_\"><label>&#916;<textarea name=\"_wpcf7_ak_hp_textarea\" cols=\"45\" rows=\"8\" maxlength=\"100\"><\/textarea><\/label><input type=\"hidden\" id=\"ak_js_1\" name=\"_wpcf7_ak_js\" value=\"80\"\/><script>document.getElementById( \"ak_js_1\" ).setAttribute( \"value\", ( new Date() ).getTime() );<\/script><\/p><div class=\"wpcf7-response-output\" aria-hidden=\"true\"><\/div>\n<\/form>\n<\/div>\n[\/vc_column_text][\/vc_column][vc_column width=&#8220;2\/3&#8243;][vc_single_image image=&#8220;644&#8243; img_size=&#8220;large&#8220;][vc_single_image image=&#8220;655&#8243; img_size=&#8220;large&#8220;][\/vc_column][\/vc_row]<\/p>\n<\/div>","protected":false},"excerpt":{"rendered":"<p>[vc_row][vc_column][vc_column_text css=&#8220;&#8220;] Freizeitangebot f\u00fcr Menschen mit Behinderung [\/vc_column_text][vc_single_image image=&#8220;643&#8243; img_size=&#8220;full&#8220;][\/vc_column][\/vc_row][vc_row][vc_column width=&#8220;1\/3&#8243;][vc_column_text css=&#8220;&#8220;]Dieses Angebot richtet sich ausdr\u00fccklich und ausschlie\u00dflich an Gruppen von Menschen mit Behinderung. Alle Teilnehmer*innen lernen unsere Esel kennen und wir k\u00f6nnen je nach M\u00f6glichkeit einen kleinen Spaziergang machen. Der Weg ist grunds\u00e4tzlich Rolli-geeignet. Aber halt nicht optimal \ud83d\ude09 Am besten wir sprechen uns&hellip;<\/p>\n","protected":false},"author":1,"featured_media":0,"parent":0,"menu_order":0,"comment_status":"closed","ping_status":"closed","template":"","meta":{"footnotes":""},"class_list":["post-650","page","type-page","status-publish","hentry"],"_links":{"self":[{"href":"https:\/\/hansundjosef.de\/index.php?rest_route=\/wp\/v2\/pages\/650","targetHints":{"allow":["GET"]}}],"collection":[{"href":"https:\/\/hansundjosef.de\/index.php?rest_route=\/wp\/v2\/pages"}],"about":[{"href":"https:\/\/hansundjosef.de\/index.php?rest_route=\/wp\/v2\/types\/page"}],"author":[{"embeddable":true,"href":"https:\/\/hansundjosef.de\/index.php?rest_route=\/wp\/v2\/users\/1"}],"replies":[{"embeddable":true,"href":"https:\/\/hansundjosef.de\/index.php?rest_route=%2Fwp%2Fv2%2Fcomments&post=650"}],"version-history":[{"count":17,"href":"https:\/\/hansundjosef.de\/index.php?rest_route=\/wp\/v2\/pages\/650\/revisions"}],"predecessor-version":[{"id":1112,"href":"https:\/\/hansundjosef.de\/index.php?rest_route=\/wp\/v2\/pages\/650\/revisions\/1112"}],"wp:attachment":[{"href":"https:\/\/hansundjosef.de\/index.php?rest_route=%2Fwp%2Fv2%2Fmedia&parent=650"}],"curies":[{"name":"wp","href":"https:\/\/api.w.org\/{rel}","templated":true}]}}