{"id":97,"date":"2020-06-14T09:34:32","date_gmt":"2020-06-14T09:34:32","guid":{"rendered":"http:\/\/hansundjosef.de\/?page_id=97"},"modified":"2026-02-19T09:38:39","modified_gmt":"2026-02-19T09:38:39","slug":"start","status":"publish","type":"page","link":"https:\/\/hansundjosef.de\/","title":{"rendered":"Start"},"content":{"rendered":"<div class=\"wpb-content-wrapper\"><p>[vc_row][vc_column width=&#8220;2\/3&#8243;][vc_single_image image=&#8220;328&#8243; img_size=&#8220;large&#8220; add_caption=&#8220;yes&#8220;][\/vc_column][vc_column width=&#8220;1\/3&#8243;][vc_column_text css=&#8220;&#8220;]<\/p>\n<h1>Liebe Kinder und Eselfreunde jeden Alters,<\/h1>\n<p>&nbsp;<\/p>\n<p>bei uns k\u00f6nnt Ihr bei verschiedenen Aktionen Esel hautnah kennenlernen. Wir bieten Euch gemeinsame Spazierg\u00e4nge, erlebnisreiche Stunden am Eselstall und tagesf\u00fcllende Wanderungen mit Eseln an. Gerne k\u00f6nnt Ihr auch Euren Geburtstag bei den Eseln feiern.<\/p>\n<p>Lange hatten wir den Wunsch selber Esel zu halten. Diesen Wunsch haben wir uns vor Jahren erf\u00fcllt und freuen uns jeden Tag \u00fcber unsere Esel Hans und Josef. Unsere Erfahrungen und Freude mit den Tieren teilen wir gerne mit Euch.[\/vc_column_text][\/vc_column][\/vc_row]<\/p>\n<\/div>","protected":false},"excerpt":{"rendered":"<p>[vc_row][vc_column width=&#8220;2\/3&#8243;][vc_single_image image=&#8220;328&#8243; img_size=&#8220;large&#8220; add_caption=&#8220;yes&#8220;][\/vc_column][vc_column width=&#8220;1\/3&#8243;][vc_column_text css=&#8220;&#8220;] Liebe Kinder und Eselfreunde jeden Alters, &nbsp; bei uns k\u00f6nnt Ihr bei verschiedenen Aktionen Esel hautnah kennenlernen. Wir bieten Euch gemeinsame Spazierg\u00e4nge, erlebnisreiche Stunden am Eselstall und tagesf\u00fcllende Wanderungen mit Eseln an. Gerne k\u00f6nnt Ihr auch Euren Geburtstag bei den Eseln feiern. Lange hatten wir den Wunsch selber&hellip;<\/p>\n","protected":false},"author":1,"featured_media":0,"parent":0,"menu_order":0,"comment_status":"closed","ping_status":"closed","template":"","meta":{"footnotes":""},"class_list":["post-97","page","type-page","status-publish","hentry"],"_links":{"self":[{"href":"https:\/\/hansundjosef.de\/index.php?rest_route=\/wp\/v2\/pages\/97","targetHints":{"allow":["GET"]}}],"collection":[{"href":"https:\/\/hansundjosef.de\/index.php?rest_route=\/wp\/v2\/pages"}],"about":[{"href":"https:\/\/hansundjosef.de\/index.php?rest_route=\/wp\/v2\/types\/page"}],"author":[{"embeddable":true,"href":"https:\/\/hansundjosef.de\/index.php?rest_route=\/wp\/v2\/users\/1"}],"replies":[{"embeddable":true,"href":"https:\/\/hansundjosef.de\/index.php?rest_route=%2Fwp%2Fv2%2Fcomments&post=97"}],"version-history":[{"count":14,"href":"https:\/\/hansundjosef.de\/index.php?rest_route=\/wp\/v2\/pages\/97\/revisions"}],"predecessor-version":[{"id":1036,"href":"https:\/\/hansundjosef.de\/index.php?rest_route=\/wp\/v2\/pages\/97\/revisions\/1036"}],"wp:attachment":[{"href":"https:\/\/hansundjosef.de\/index.php?rest_route=%2Fwp%2Fv2%2Fmedia&parent=97"}],"curies":[{"name":"wp","href":"https:\/\/api.w.org\/{rel}","templated":true}]}}